{"id":109,"date":"2024-11-18T10:25:43","date_gmt":"2024-11-18T09:25:43","guid":{"rendered":"https:\/\/massivart.de\/magazin\/?page_id=109"},"modified":"2025-10-01T13:44:44","modified_gmt":"2025-10-01T11:44:44","slug":"moebelpflege","status":"publish","type":"page","link":"https:\/\/massivart.de\/magazin\/moebelpflege\/","title":{"rendered":"M\u00f6belpflege"},"content":{"rendered":"\t\t<div data-elementor-type=\"wp-page\" data-elementor-id=\"109\" class=\"elementor elementor-109\" data-elementor-post-type=\"page\">\n\t\t\t\t\t\t<section class=\"elementor-section elementor-top-section elementor-element elementor-element-1a2fb890 elementor-section-full_width elementor-section-height-default elementor-section-height-default\" data-id=\"1a2fb890\" data-element_type=\"section\" data-e-type=\"section\">\n\t\t\t\t\t\t<div class=\"elementor-container elementor-column-gap-no\">\n\t\t\t\t\t<div class=\"elementor-column elementor-col-100 elementor-top-column elementor-element elementor-element-78a5c3d4\" data-id=\"78a5c3d4\" data-element_type=\"column\" data-e-type=\"column\" data-settings=\"{&quot;background_background&quot;:&quot;classic&quot;,&quot;background_motion_fx_motion_fx_scrolling&quot;:&quot;yes&quot;,&quot;background_motion_fx_devices&quot;:[&quot;desktop&quot;,&quot;tablet&quot;,&quot;mobile&quot;]}\">\n\t\t\t<div class=\"elementor-widget-wrap elementor-element-populated\">\n\t\t\t\t\t\t\t<\/div>\n\t\t<\/div>\n\t\t\t\t\t<\/div>\n\t\t<\/section>\n\t\t<div class=\"elementor-element elementor-element-7765056 e-flex e-con-boxed e-con e-parent\" data-id=\"7765056\" data-element_type=\"container\" data-e-type=\"container\">\n\t\t\t\t\t<div class=\"e-con-inner\">\n\t\t\t\t<div class=\"elementor-element elementor-element-bac5ccb elementor-widget elementor-widget-global elementor-global-608 elementor-widget-html\" data-id=\"bac5ccb\" data-element_type=\"widget\" data-e-type=\"widget\" data-widget_type=\"html.default\">\n\t\t\t\t<div class=\"elementor-widget-container\">\n\t\t\t\t\t<nav aria-label=\"breadcrumbs\" class=\"rank-math-breadcrumb\"><p><span class=\"last\">Home<\/span><\/p><\/nav>\t\t\t\t<\/div>\n\t\t\t\t<\/div>\n\t\t\t\t\t<\/div>\n\t\t\t\t<\/div>\n\t\t\t\t<section class=\"elementor-section elementor-top-section elementor-element elementor-element-581dc0c3 elementor-section-boxed elementor-section-height-default elementor-section-height-default\" data-id=\"581dc0c3\" data-element_type=\"section\" data-e-type=\"section\">\n\t\t\t\t\t\t<div class=\"elementor-container elementor-column-gap-wide\">\n\t\t\t\t\t<div class=\"elementor-column elementor-col-100 elementor-top-column elementor-element elementor-element-35f29c52\" data-id=\"35f29c52\" data-element_type=\"column\" data-e-type=\"column\">\n\t\t\t<div class=\"elementor-widget-wrap elementor-element-populated\">\n\t\t\t\t\t\t<div class=\"elementor-element elementor-element-2fd79f32 elementor-posts--align-left elementor-grid-3 elementor-grid-tablet-2 elementor-grid-mobile-1 elementor-posts--thumbnail-top elementor-posts__hover-gradient elementor-widget elementor-widget-posts\" data-id=\"2fd79f32\" data-element_type=\"widget\" data-e-type=\"widget\" data-settings=\"{&quot;pagination_type&quot;:&quot;numbers&quot;,&quot;cards_columns&quot;:&quot;3&quot;,&quot;cards_columns_tablet&quot;:&quot;2&quot;,&quot;cards_columns_mobile&quot;:&quot;1&quot;,&quot;cards_row_gap&quot;:{&quot;unit&quot;:&quot;px&quot;,&quot;size&quot;:35,&quot;sizes&quot;:[]},&quot;cards_row_gap_tablet&quot;:{&quot;unit&quot;:&quot;px&quot;,&quot;size&quot;:&quot;&quot;,&quot;sizes&quot;:[]},&quot;cards_row_gap_mobile&quot;:{&quot;unit&quot;:&quot;px&quot;,&quot;size&quot;:&quot;&quot;,&quot;sizes&quot;:[]}}\" data-widget_type=\"posts.cards\">\n\t\t\t\t<div class=\"elementor-widget-container\">\n\t\t\t\t\t\t\t<div class=\"elementor-posts-container elementor-posts elementor-posts--skin-cards elementor-grid\" role=\"list\">\n\t\t\t\t<article class=\"elementor-post elementor-grid-item post-2378 post type-post status-publish format-standard has-post-thumbnail hentry category-allgemein category-moebelpflege category-wissen\" role=\"listitem\">\n\t\t\t<div class=\"elementor-post__card\">\n\t\t\t\t<a class=\"elementor-post__thumbnail__link\" href=\"https:\/\/massivart.de\/magazin\/methoden-zum-schutz-von-holzoberflaechen\/\" tabindex=\"-1\" ><div class=\"elementor-post__thumbnail\"><img fetchpriority=\"high\" decoding=\"async\" width=\"800\" height=\"216\" src=\"https:\/\/massivart.de\/magazin\/wp-content\/uploads\/2025\/06\/holzveredlung-lackieren-massivholz-banner-massivart-1024x276.jpg\" class=\"attachment-large size-large wp-image-2384\" alt=\"Holzveredlung lackieren Massivholz MassivArt\" srcset=\"https:\/\/massivart.de\/magazin\/wp-content\/uploads\/2025\/06\/holzveredlung-lackieren-massivholz-banner-massivart-1024x276.jpg 1024w, https:\/\/massivart.de\/magazin\/wp-content\/uploads\/2025\/06\/holzveredlung-lackieren-massivholz-banner-massivart-300x81.jpg 300w, https:\/\/massivart.de\/magazin\/wp-content\/uploads\/2025\/06\/holzveredlung-lackieren-massivholz-banner-massivart-768x207.jpg 768w, https:\/\/massivart.de\/magazin\/wp-content\/uploads\/2025\/06\/holzveredlung-lackieren-massivholz-banner-massivart.jpg 1300w\" sizes=\"(max-width: 800px) 100vw, 800px\" \/><\/div><\/a>\n\t\t\t\t<div class=\"elementor-post__text\">\n\t\t\t\t<h3 class=\"elementor-post__title\">\n\t\t\t<a href=\"https:\/\/massivart.de\/magazin\/methoden-zum-schutz-von-holzoberflaechen\/\" >\n\t\t\t\tHolzveredlung: Methoden zum Schutz und zur Versch\u00f6nerung von Holzoberfl\u00e4chen\t\t\t<\/a>\n\t\t<\/h3>\n\t\t\t\t<div class=\"elementor-post__excerpt\">\n\t\t\t<p>Tauchen Sie mit uns tief in die Welt der Holzveredlung ein!<\/p>\n\t\t<\/div>\n\t\t\n\t\t<a class=\"elementor-post__read-more\" href=\"https:\/\/massivart.de\/magazin\/methoden-zum-schutz-von-holzoberflaechen\/\" aria-label=\"Mehr \u00fcber Holzveredlung: Methoden zum Schutz und zur Versch\u00f6nerung von Holzoberfl\u00e4chen\" tabindex=\"-1\" >\n\t\t\tWeiterlesen \u00bb\t\t<\/a>\n\n\t\t\t\t<\/div>\n\t\t\t\t\t<\/div>\n\t\t<\/article>\n\t\t\t\t<article class=\"elementor-post elementor-grid-item post-1902 post type-post status-publish format-standard has-post-thumbnail hentry category-allgemein category-moebelpflege category-wissen\" role=\"listitem\">\n\t\t\t<div class=\"elementor-post__card\">\n\t\t\t\t<a class=\"elementor-post__thumbnail__link\" href=\"https:\/\/massivart.de\/magazin\/flecken-auf-massivholz-entfernen\/\" tabindex=\"-1\" ><div class=\"elementor-post__thumbnail\"><img decoding=\"async\" width=\"800\" height=\"286\" src=\"https:\/\/massivart.de\/magazin\/wp-content\/uploads\/2025\/04\/flecken-holz-entfernen-banner-massivart-1024x366.jpg\" class=\"attachment-large size-large wp-image-1996\" alt=\"Flecken aus Massivholzm\u00f6beln entfernen MassivArt\" srcset=\"https:\/\/massivart.de\/magazin\/wp-content\/uploads\/2025\/04\/flecken-holz-entfernen-banner-massivart-1024x366.jpg 1024w, https:\/\/massivart.de\/magazin\/wp-content\/uploads\/2025\/04\/flecken-holz-entfernen-banner-massivart-300x107.jpg 300w, https:\/\/massivart.de\/magazin\/wp-content\/uploads\/2025\/04\/flecken-holz-entfernen-banner-massivart-768x274.jpg 768w, https:\/\/massivart.de\/magazin\/wp-content\/uploads\/2025\/04\/flecken-holz-entfernen-banner-massivart.jpg 1120w\" sizes=\"(max-width: 800px) 100vw, 800px\" \/><\/div><\/a>\n\t\t\t\t<div class=\"elementor-post__text\">\n\t\t\t\t<h3 class=\"elementor-post__title\">\n\t\t\t<a href=\"https:\/\/massivart.de\/magazin\/flecken-auf-massivholz-entfernen\/\" >\n\t\t\t\tFlecken auf Massivholz entfernen\t\t\t<\/a>\n\t\t<\/h3>\n\t\t\t\t<div class=\"elementor-post__excerpt\">\n\t\t\t<p>Die besten Tipps und Tricks, um fiese Wasserflecken loszuwerden\u200b<\/p>\n\t\t<\/div>\n\t\t\n\t\t<a class=\"elementor-post__read-more\" href=\"https:\/\/massivart.de\/magazin\/flecken-auf-massivholz-entfernen\/\" aria-label=\"Mehr \u00fcber Flecken auf Massivholz entfernen\" tabindex=\"-1\" >\n\t\t\tWeiterlesen \u00bb\t\t<\/a>\n\n\t\t\t\t<\/div>\n\t\t\t\t\t<\/div>\n\t\t<\/article>\n\t\t\t\t<article class=\"elementor-post elementor-grid-item post-1871 post type-post status-publish format-standard has-post-thumbnail hentry category-allgemein category-moebelpflege category-wissen\" role=\"listitem\">\n\t\t\t<div class=\"elementor-post__card\">\n\t\t\t\t<a class=\"elementor-post__thumbnail__link\" href=\"https:\/\/massivart.de\/magazin\/kratzer-aus-massivholzmoebeln-entfernen\/\" tabindex=\"-1\" ><div class=\"elementor-post__thumbnail\"><img decoding=\"async\" width=\"800\" height=\"286\" src=\"https:\/\/massivart.de\/magazin\/wp-content\/uploads\/2025\/04\/kratzer-entfernen-banner-massivart-1-1024x366.jpg\" class=\"attachment-large size-large wp-image-1961\" alt=\"Kratzer auf Massivholzm\u00f6beln entfernen MassivArt\" srcset=\"https:\/\/massivart.de\/magazin\/wp-content\/uploads\/2025\/04\/kratzer-entfernen-banner-massivart-1-1024x366.jpg 1024w, https:\/\/massivart.de\/magazin\/wp-content\/uploads\/2025\/04\/kratzer-entfernen-banner-massivart-1-300x107.jpg 300w, https:\/\/massivart.de\/magazin\/wp-content\/uploads\/2025\/04\/kratzer-entfernen-banner-massivart-1-768x274.jpg 768w, https:\/\/massivart.de\/magazin\/wp-content\/uploads\/2025\/04\/kratzer-entfernen-banner-massivart-1.jpg 1120w\" sizes=\"(max-width: 800px) 100vw, 800px\" \/><\/div><\/a>\n\t\t\t\t<div class=\"elementor-post__text\">\n\t\t\t\t<h3 class=\"elementor-post__title\">\n\t\t\t<a href=\"https:\/\/massivart.de\/magazin\/kratzer-aus-massivholzmoebeln-entfernen\/\" >\n\t\t\t\tKratzer aus Massivholzm\u00f6beln entfernen\t\t\t<\/a>\n\t\t<\/h3>\n\t\t\t\t<div class=\"elementor-post__excerpt\">\n\t\t\t<p>Wie Sie Ihre Massivholzm\u00f6bel mit einfach Tricks retten k\u00f6nnen\u200b<\/p>\n\t\t<\/div>\n\t\t\n\t\t<a class=\"elementor-post__read-more\" href=\"https:\/\/massivart.de\/magazin\/kratzer-aus-massivholzmoebeln-entfernen\/\" aria-label=\"Mehr \u00fcber Kratzer aus Massivholzm\u00f6beln entfernen\" tabindex=\"-1\" >\n\t\t\tWeiterlesen \u00bb\t\t<\/a>\n\n\t\t\t\t<\/div>\n\t\t\t\t\t<\/div>\n\t\t<\/article>\n\t\t\t\t<article class=\"elementor-post elementor-grid-item post-1920 post type-post status-publish format-standard has-post-thumbnail hentry category-allgemein category-moebelpflege category-wissen\" role=\"listitem\">\n\t\t\t<div class=\"elementor-post__card\">\n\t\t\t\t<a class=\"elementor-post__thumbnail__link\" href=\"https:\/\/massivart.de\/magazin\/massivholz-moebel-vor-sonneneinstrahlung-schuetzen\/\" tabindex=\"-1\" ><div class=\"elementor-post__thumbnail\"><img loading=\"lazy\" decoding=\"async\" width=\"800\" height=\"286\" src=\"https:\/\/massivart.de\/magazin\/wp-content\/uploads\/2025\/03\/moebel-uv-schutz-banner-massivart-1-1024x366.jpg\" class=\"attachment-large size-large wp-image-1950\" alt=\"UV-Schutz f\u00fcr Massivholzm\u00f6bel MassivArt\" srcset=\"https:\/\/massivart.de\/magazin\/wp-content\/uploads\/2025\/03\/moebel-uv-schutz-banner-massivart-1-1024x366.jpg 1024w, https:\/\/massivart.de\/magazin\/wp-content\/uploads\/2025\/03\/moebel-uv-schutz-banner-massivart-1-300x107.jpg 300w, https:\/\/massivart.de\/magazin\/wp-content\/uploads\/2025\/03\/moebel-uv-schutz-banner-massivart-1-768x274.jpg 768w, https:\/\/massivart.de\/magazin\/wp-content\/uploads\/2025\/03\/moebel-uv-schutz-banner-massivart-1.jpg 1120w\" sizes=\"(max-width: 800px) 100vw, 800px\" \/><\/div><\/a>\n\t\t\t\t<div class=\"elementor-post__text\">\n\t\t\t\t<h3 class=\"elementor-post__title\">\n\t\t\t<a href=\"https:\/\/massivart.de\/magazin\/massivholz-moebel-vor-sonneneinstrahlung-schuetzen\/\" >\n\t\t\t\tMassivholz-M\u00f6bel vor Sonneneinstrahlung sch\u00fctzen\t\t\t<\/a>\n\t\t<\/h3>\n\t\t\t\t<div class=\"elementor-post__excerpt\">\n\t\t\t<p>Warum UV-Strahlung Ihren Holzm\u00f6beln schadet und mit welchen Tipps Sie vorbeugen k\u00f6nnen<\/p>\n\t\t<\/div>\n\t\t\n\t\t<a class=\"elementor-post__read-more\" href=\"https:\/\/massivart.de\/magazin\/massivholz-moebel-vor-sonneneinstrahlung-schuetzen\/\" aria-label=\"Mehr \u00fcber Massivholz-M\u00f6bel vor Sonneneinstrahlung sch\u00fctzen\" tabindex=\"-1\" >\n\t\t\tWeiterlesen \u00bb\t\t<\/a>\n\n\t\t\t\t<\/div>\n\t\t\t\t\t<\/div>\n\t\t<\/article>\n\t\t\t\t<article class=\"elementor-post elementor-grid-item post-522 post type-post status-publish format-standard has-post-thumbnail hentry category-allgemein category-moebelpflege category-wissen\" role=\"listitem\">\n\t\t\t<div class=\"elementor-post__card\">\n\t\t\t\t<a class=\"elementor-post__thumbnail__link\" href=\"https:\/\/massivart.de\/magazin\/massivholzmoebel-richtig-pflegen\/\" tabindex=\"-1\" ><div class=\"elementor-post__thumbnail\"><img loading=\"lazy\" decoding=\"async\" width=\"800\" height=\"286\" src=\"https:\/\/massivart.de\/magazin\/wp-content\/uploads\/2024\/11\/beitragsbild-6-2-1024x366.jpg\" class=\"attachment-large size-large wp-image-531\" alt=\"Ge\u00f6lte Massivholzm\u00f6bel richtig pflegen: Tipps f\u00fcr langanhaltende Sch\u00f6nheit und Schutz Ihrer hochwertigen Holzm\u00f6bel\" srcset=\"https:\/\/massivart.de\/magazin\/wp-content\/uploads\/2024\/11\/beitragsbild-6-2-1024x366.jpg 1024w, https:\/\/massivart.de\/magazin\/wp-content\/uploads\/2024\/11\/beitragsbild-6-2-300x107.jpg 300w, https:\/\/massivart.de\/magazin\/wp-content\/uploads\/2024\/11\/beitragsbild-6-2-768x274.jpg 768w, https:\/\/massivart.de\/magazin\/wp-content\/uploads\/2024\/11\/beitragsbild-6-2.jpg 1120w\" sizes=\"(max-width: 800px) 100vw, 800px\" \/><\/div><\/a>\n\t\t\t\t<div class=\"elementor-post__text\">\n\t\t\t\t<h3 class=\"elementor-post__title\">\n\t\t\t<a href=\"https:\/\/massivart.de\/magazin\/massivholzmoebel-richtig-pflegen\/\" >\n\t\t\t\tMassivholzm\u00f6bel richtig pflegen\t\t\t<\/a>\n\t\t<\/h3>\n\t\t\t\t<div class=\"elementor-post__excerpt\">\n\t\t\t<p>Unsere besten Tipps f\u00fcr langanhaltende Sch\u00f6nheit und effektiven Schutz Ihrer hochwertigen Holzm\u00f6bel<\/p>\n\t\t<\/div>\n\t\t\n\t\t<a class=\"elementor-post__read-more\" href=\"https:\/\/massivart.de\/magazin\/massivholzmoebel-richtig-pflegen\/\" aria-label=\"Mehr \u00fcber Massivholzm\u00f6bel richtig pflegen\" tabindex=\"-1\" >\n\t\t\tWeiterlesen \u00bb\t\t<\/a>\n\n\t\t\t\t<\/div>\n\t\t\t\t\t<\/div>\n\t\t<\/article>\n\t\t\t\t<\/div>\n\t\t\n\t\t\t\t\t\t<\/div>\n\t\t\t\t<\/div>\n\t\t\t\t\t<\/div>\n\t\t<\/div>\n\t\t\t\t\t<\/div>\n\t\t<\/section>\n\t\t\t\t<\/div>\n\t\t","protected":false},"excerpt":{"rendered":"","protected":false},"author":1,"featured_media":0,"parent":0,"menu_order":0,"comment_status":"closed","ping_status":"closed","template":"","meta":{"footnotes":""},"class_list":["post-109","page","type-page","status-publish","hentry"],"_links":{"self":[{"href":"https:\/\/massivart.de\/magazin\/wp-json\/wp\/v2\/pages\/109","targetHints":{"allow":["GET"]}}],"collection":[{"href":"https:\/\/massivart.de\/magazin\/wp-json\/wp\/v2\/pages"}],"about":[{"href":"https:\/\/massivart.de\/magazin\/wp-json\/wp\/v2\/types\/page"}],"author":[{"embeddable":true,"href":"https:\/\/massivart.de\/magazin\/wp-json\/wp\/v2\/users\/1"}],"replies":[{"embeddable":true,"href":"https:\/\/massivart.de\/magazin\/wp-json\/wp\/v2\/comments?post=109"}],"version-history":[{"count":25,"href":"https:\/\/massivart.de\/magazin\/wp-json\/wp\/v2\/pages\/109\/revisions"}],"predecessor-version":[{"id":3241,"href":"https:\/\/massivart.de\/magazin\/wp-json\/wp\/v2\/pages\/109\/revisions\/3241"}],"wp:attachment":[{"href":"https:\/\/massivart.de\/magazin\/wp-json\/wp\/v2\/media?parent=109"}],"curies":[{"name":"wp","href":"https:\/\/api.w.org\/{rel}","templated":true}]}}